{"id":605,"date":"2025-02-05T19:06:27","date_gmt":"2025-02-05T18:06:27","guid":{"rendered":"https:\/\/www.akademiasandecja.pl\/?page_id=605"},"modified":"2025-02-05T19:42:55","modified_gmt":"2025-02-05T18:42:55","slug":"regulamin","status":"publish","type":"page","link":"https:\/\/www.akademiasandecja.pl\/?page_id=605","title":{"rendered":"Regulamin"},"content":{"rendered":"\n<p><strong>Regulamin Konkursu &#8211; Sandecja Football Challenge<\/strong><\/p>\n\n\n\n<ol start=\"1\" class=\"wp-block-list\">\n<li><strong>Organizator Konkursu<\/strong><br>Organizatorem konkursu \u201eSandecja Football Challenge\u201d&nbsp; jest <strong>Fundacja Akademia Sandecja<\/strong><\/li>\n\n\n\n<li><strong>Czas trwania Konkursu<\/strong><br>Konkurs trwa od 5.02.2025 do 15.03.2025. Zg\u0142oszenia b\u0119d\u0105 przyjmowane do godziny 15.00.<\/li>\n\n\n\n<li><strong>Warunki uczestnictwa<\/strong><br>a) Uczestnikiem Konkursu mo\u017ce by\u0107 ka\u017cde dziecko 2018 i m\u0142odsze, kt\u00f3ra posiada dost\u0119p do internetu oraz spe\u0142nia warunki okre\u015blone w niniejszym Regulaminie.<br>b) Aby wzi\u0105\u0107 udzia\u0142 w Konkursie, uczestnik musi nagra\u0107 kr\u00f3tki filmik, na kt\u00f3rym zaprezentuje trik\/sztuczk\u0119 pi\u0142karsk\u0105. (Jedna osoba mo\u017ce doda\u0107 tylko jeden filmik)<br>c) Filmik nale\u017cy opublikowa\u0107 w odpowiedzi na post konkursowy na profilu <strong>Fundacji Akademia Sandecja<\/strong> na Facebooku<\/li>\n\n\n\n<li>Uczestnik wyra\u017ca zgod\u0119 na przetwarzanie danych osobowych zgodnie z przepisami RODO, jak r\u00f3wnie\u017c na publikacj\u0119 przes\u0142anych materia\u0142\u00f3w w mediach spo\u0142eczno\u015bciowych organizatora.<\/li>\n\n\n\n<li><strong>Zasady g\u0142osowania<\/strong><br>a) G\u0142osowanie odbywa si\u0119 za pomoc\u0105&nbsp; dowolnej reakcji (like, serduszko itp.) pod filmikiem opublikowanym w odpowiedzi na post konkursowy.<br>b) Ka\u017cda osoba mo\u017ce zag\u0142osowa\u0107 na jeden filmik jedn\u0105 reakcj\u0105 w czasie trwania konkursu.<br>c) Organizator zastrzega sobie prawo do weryfikacji autentyczno\u015bci &nbsp;g\u0142os\u00f3w, w tym do usuwania podejrzanych, fa\u0142szywych g\u0142os\u00f3w.<\/li>\n\n\n\n<li><strong>Konkurs traktowany jest jak dobra zabawa dla wszystkich uczestnik\u00f3w.<\/strong><\/li>\n\n\n\n<li><strong>Nagrody<\/strong><br>a) W Konkursie przewidziane s\u0105 nagrody rzeczowe w postaci gad\u017cet\u00f3w pi\u0142karskich.<br>b) Nagrody zostan\u0105 przyznane uczestnikom, kt\u00f3rzy uzyskaj\u0105 najwi\u0119cej g\u0142os\u00f3w w formie reakcji &nbsp;pod ich filmikami.<br>c) Organizator zastrzega sobie prawo do zmiany nagr\u00f3d, jednak r\u00f3wnowarto\u015b\u0107 nagrody nie zmieni si\u0119.<\/li>\n\n\n\n<li><strong>Wyniki Konkursu<\/strong><br>a) Wyniki Konkursu zostan\u0105 og\u0142oszone na profilu <strong>Fundacji Akademia Sandecja<\/strong> na Facebooku najp\u00f3\u017aniej w ci\u0105gu 2 dni roboczych po zako\u0144czeniu g\u0142osowania.<br>b) Zwyci\u0119zcy zostan\u0105 powiadomieni o wygranej przez wiadomo\u015b\u0107 prywatn\u0105.<\/li>\n\n\n\n<li><strong>Postanowienia ko\u0144cowe<\/strong><br>a) Wys\u0142anie filmiku do Konkursu oznacza akceptacj\u0119 regulaminu oraz wyra\u017cenie zgody na przetwarzanie danych osobowych w celach zwi\u0105zanych z organizowaniem konkursu i promocj\u0105 organizatora.<br>b) Uczestnik, bior\u0105c udzia\u0142 w Konkursie, potwierdza, \u017ce filmik, kt\u00f3ry przesy\u0142a, jest jego w\u0142asno\u015bci\u0105 i nie narusza praw autorskich os\u00f3b trzecich.<br>c) Organizator ma prawo do zmiany regulaminu, o czym poinformuje uczestnik\u00f3w na stronie internetowej lub w mediach spo\u0142eczno\u015bciowych.<br>d) Organizator nie ponosi odpowiedzialno\u015bci za problemy techniczne zwi\u0105zane z uczestnictwem w Konkursie, w tym zwi\u0105zane z przesy\u0142aniem filmik\u00f3w czy g\u0142osowaniem.<\/li>\n\n\n\n<li><strong>RODO<\/strong><br>a) Administratorem danych osobowych uczestnik\u00f3w Konkursu jest <strong>Fundacja Akademia Sandecja<\/strong>.<br>b) Dane osobowe uczestnik\u00f3w b\u0119d\u0105 przetwarzane w celu przeprowadzenia Konkursu oraz dostarczenia nagr\u00f3d.<br>c) Uczestnicy maj\u0105 prawo dost\u0119pu do swoich danych, ich poprawiania oraz usuni\u0119cia.<\/li>\n\n\n\n<li><strong>Kontakt<\/strong><br>Wszelkie pytania dotycz\u0105ce Konkursu mo\u017cna kierowa\u0107 na adres w wiadomo\u015bci prywatnej na profil <strong>Fundacji Akademia Sandecja<\/strong> na Facebooku, a tak\u017ce kontakt do Organizator\u00f3w. Tel. 514-785-462 lub 696078400<\/li>\n<\/ol>\n\n\n\n<hr class=\"wp-block-separator has-alpha-channel-opacity\"\/>\n\n\n\n<p>Udzia\u0142 w Konkursie jest r\u00f3wnoznaczny z akceptacj\u0105 powy\u017cszego Regulaminu.<\/p>\n","protected":false},"excerpt":{"rendered":"<p>Regulamin Konkursu &#8211; Sandecja Football Challenge Udzia\u0142 w Konkursie jest r\u00f3wnoznaczny z akceptacj\u0105 powy\u017cszego Regulaminu.<\/p>\n","protected":false},"author":1,"featured_media":0,"parent":0,"menu_order":0,"comment_status":"closed","ping_status":"closed","template":"","meta":{"footnotes":""},"class_list":["post-605","page","type-page","status-publish","hentry"],"_links":{"self":[{"href":"https:\/\/www.akademiasandecja.pl\/index.php?rest_route=\/wp\/v2\/pages\/605","targetHints":{"allow":["GET"]}}],"collection":[{"href":"https:\/\/www.akademiasandecja.pl\/index.php?rest_route=\/wp\/v2\/pages"}],"about":[{"href":"https:\/\/www.akademiasandecja.pl\/index.php?rest_route=\/wp\/v2\/types\/page"}],"author":[{"embeddable":true,"href":"https:\/\/www.akademiasandecja.pl\/index.php?rest_route=\/wp\/v2\/users\/1"}],"replies":[{"embeddable":true,"href":"https:\/\/www.akademiasandecja.pl\/index.php?rest_route=%2Fwp%2Fv2%2Fcomments&post=605"}],"version-history":[{"count":2,"href":"https:\/\/www.akademiasandecja.pl\/index.php?rest_route=\/wp\/v2\/pages\/605\/revisions"}],"predecessor-version":[{"id":609,"href":"https:\/\/www.akademiasandecja.pl\/index.php?rest_route=\/wp\/v2\/pages\/605\/revisions\/609"}],"wp:attachment":[{"href":"https:\/\/www.akademiasandecja.pl\/index.php?rest_route=%2Fwp%2Fv2%2Fmedia&parent=605"}],"curies":[{"name":"wp","href":"https:\/\/api.w.org\/{rel}","templated":true}]}}