{"id":48,"date":"2024-09-14T10:06:44","date_gmt":"2024-09-14T08:06:44","guid":{"rendered":"https:\/\/www.akademiasandecja.pl\/?page_id=48"},"modified":"2024-09-14T10:10:59","modified_gmt":"2024-09-14T08:10:59","slug":"akademia","status":"publish","type":"page","link":"https:\/\/www.akademiasandecja.pl\/?page_id=48","title":{"rendered":"Akademia"},"content":{"rendered":"\n<p><strong>Akademia Sandecja\u00a0<\/strong>jest bezpo\u015brednim, m\u0142odzie\u017cowym zapleczem MKS Sandecja S.A. Nowy S\u0105cz, Klubu powsta\u0142ego w 1910 roku, co czyni go jednym z najstarszych, wci\u0105\u017c istniej\u0105cych klub\u00f3w w Polsce. Akademia jest to projekt maj\u0105cy za zadanie utworzenie na S\u0105decczy\u017anie powa\u017cnego o\u015brodka szkolenia, a tak\u017ce edukacji dzieci i m\u0142odzie\u017cy w \u00a0oparciu o ponad 114-letni\u0105 histori\u0119 klubu oraz wykorzystanie potencja\u0142u regionu s\u0105deckiego.<\/p>\n\n\n\n<p><strong>Akademia Sandecja\u00a0<\/strong>obecnie skupia ponad 300 wyselekcjonowanych zawodnik\u00f3w, wywodz\u0105cych si\u0119 z Nowego S\u0105cza, a tak\u017ce jego okolic w promieniu oko\u0142o 60 kilometr\u00f3w. Do Akademii przynale\u017c\u0105 m\u0142odzi adepci pi\u0142ki no\u017cnej m.in. z teren\u00f3w Krynicy Zdr\u00f3j, Piwnicznej, Szczawnicy, Limanowej, Gorlic oraz ze S\u0142owacji.<\/p>\n\n\n\n<p>Uczestnictwo w projekcie to nie tylko trening i rozgrywki sportowe. Plan zaj\u0119\u0107 obejmuje r\u00f3wnie\u017c aspekty wychowawcze, jak: dyscyplina, systematyczno\u015b\u0107, umiej\u0119tno\u015b\u0107 pracy w grupie, zdrowa rywalizacja, higiena czy wpojenie nawyk\u00f3w odpowiedniego \u017cywienia. Akademia anga\u017cuje si\u0119 r\u00f3wnie\u017c w projekty spo\u0142eczne, aby wzbudzi\u0107 w dzieciach poczucie wspierania os\u00f3b potrzebuj\u0105cych. Zachowuj\u0105c odpowiednie proporcje Akademia chce wypracowa\u0107 schemat oparty na sprawdzonych rozwi\u0105zaniach z bardziej rozwini\u0119tych pi\u0142karsko kraj\u00f3w. Szkoleniowcy, jako byli zawodnicy r\u00f3\u017cnych poziom\u00f3w ligowych, doskonale wiedz\u0105 na czym polega pi\u0142ka no\u017cna. Nast\u0119pnie przy okazji studi\u00f3w kierunkowych oraz uzyskiwania licencji trenerskich, posiedli obszern\u0105 wiedz\u0119 na tematy zwi\u0105zane z ukszta\u0142towaniem m\u0142odego pi\u0142karza, a tak\u017ce odpowiedniego rozwoju organizmu. Dodatkowo, ju\u017c podczas pracy zawodowej, nieustannie rozwijaj\u0105 swoj\u0105 wiedz\u0119, a tak\u017ce korzystaj\u0105 z r\u00f3\u017cnych mo\u017cliwo\u015bci do nauki. Dla przyk\u0142adu mo\u017cna by wymieni\u0107 udzia\u0142 szkoleniowc\u00f3w w programie edukacyjnym Niemieckiej Federacji Pi\u0142karskiej \u2013 Deutscher Fussball-Bund oraz uczestnictwo w licznych kursach, konferencjach czy sta\u017cach na terenie Polski i Europy.<\/p>\n\n\n\n<p>Akademia Sandecja od 1 stycznia 2021 jest wyodr\u0119bnionym podmiotem od MKS Sandecja S.A., dzia\u0142aj\u0105c jako Fundacja. Przez ostatnie 3 lata opracowano w\u0142asny system szkolenia oraz autorski model gry. Cyklicznie Akademia jest przygotowywana do przyst\u0105pienia do Programu Certyfikacji PZPN. Na ten moment w 90 % s\u0105 wprowadzone standardy Certyfikacji PZPN \u2013 Z\u0142ota Gwiazdka (Akademia nie przyst\u0105pi\u0142a do tej pory do certyfikacji ze wzgl\u0119du na zbyt kr\u00f3tki czas funkcjonowania podmiotu \u2013 planowane z\u0142o\u017cenie wniosku to po\u0142owa 2023 roku).<\/p>\n","protected":false},"excerpt":{"rendered":"<p>Akademia Sandecja\u00a0jest bezpo\u015brednim, m\u0142odzie\u017cowym zapleczem MKS Sandecja S.A. Nowy S\u0105cz, Klubu powsta\u0142ego w 1910 roku, co czyni go jednym z najstarszych, wci\u0105\u017c istniej\u0105cych klub\u00f3w w Polsce. Akademia jest to projekt maj\u0105cy za zadanie utworzenie na S\u0105decczy\u017anie powa\u017cnego o\u015brodka szkolenia, a tak\u017ce edukacji dzieci i m\u0142odzie\u017cy w \u00a0oparciu o ponad 114-letni\u0105 histori\u0119 klubu oraz wykorzystanie potencja\u0142u [&hellip;]<\/p>\n","protected":false},"author":1,"featured_media":0,"parent":0,"menu_order":0,"comment_status":"closed","ping_status":"closed","template":"page-no-title","meta":{"footnotes":""},"class_list":["post-48","page","type-page","status-publish","hentry"],"_links":{"self":[{"href":"https:\/\/www.akademiasandecja.pl\/index.php?rest_route=\/wp\/v2\/pages\/48","targetHints":{"allow":["GET"]}}],"collection":[{"href":"https:\/\/www.akademiasandecja.pl\/index.php?rest_route=\/wp\/v2\/pages"}],"about":[{"href":"https:\/\/www.akademiasandecja.pl\/index.php?rest_route=\/wp\/v2\/types\/page"}],"author":[{"embeddable":true,"href":"https:\/\/www.akademiasandecja.pl\/index.php?rest_route=\/wp\/v2\/users\/1"}],"replies":[{"embeddable":true,"href":"https:\/\/www.akademiasandecja.pl\/index.php?rest_route=%2Fwp%2Fv2%2Fcomments&post=48"}],"version-history":[{"count":1,"href":"https:\/\/www.akademiasandecja.pl\/index.php?rest_route=\/wp\/v2\/pages\/48\/revisions"}],"predecessor-version":[{"id":49,"href":"https:\/\/www.akademiasandecja.pl\/index.php?rest_route=\/wp\/v2\/pages\/48\/revisions\/49"}],"wp:attachment":[{"href":"https:\/\/www.akademiasandecja.pl\/index.php?rest_route=%2Fwp%2Fv2%2Fmedia&parent=48"}],"curies":[{"name":"wp","href":"https:\/\/api.w.org\/{rel}","templated":true}]}}