{"id":25,"date":"2024-09-06T20:54:19","date_gmt":"2024-09-06T18:54:19","guid":{"rendered":"https:\/\/www.akademiasandecja.pl\/?page_id=25"},"modified":"2024-12-18T12:28:44","modified_gmt":"2024-12-18T11:28:44","slug":"aktualnosci","status":"publish","type":"page","link":"https:\/\/www.akademiasandecja.pl\/?page_id=25","title":{"rendered":"Aktualno\u015bci"},"content":{"rendered":"\n<div class=\"wp-block-query is-layout-flow wp-block-query-is-layout-flow\"><ul class=\"wp-block-post-template is-layout-flow wp-block-post-template-is-layout-flow\"><li class=\"wp-block-post post-464 post type-post status-publish format-standard has-post-thumbnail hentry category-bez-kategorii\">\n\n<div class=\"wp-block-columns alignwide is-layout-flex wp-container-core-columns-is-layout-28f84493 wp-block-columns-is-layout-flex\">\n<div class=\"wp-block-column is-layout-flow wp-block-column-is-layout-flow\" style=\"flex-basis:66.66%\"><figure class=\"wp-block-post-featured-image\"><a href=\"https:\/\/www.akademiasandecja.pl\/?p=464\" target=\"_self\"  ><img loading=\"lazy\" decoding=\"async\" width=\"2048\" height=\"1152\" src=\"https:\/\/www.akademiasandecja.pl\/wp-content\/uploads\/2024\/12\/Przedszkoliada_fot_A_Maras-56-z-56-1.jpg\" class=\"attachment-post-thumbnail size-post-thumbnail wp-post-image\" alt=\"Przedszkoliada 2024\" style=\"object-fit:cover;\" srcset=\"https:\/\/www.akademiasandecja.pl\/wp-content\/uploads\/2024\/12\/Przedszkoliada_fot_A_Maras-56-z-56-1.jpg 2048w, https:\/\/www.akademiasandecja.pl\/wp-content\/uploads\/2024\/12\/Przedszkoliada_fot_A_Maras-56-z-56-1-300x169.jpg 300w, https:\/\/www.akademiasandecja.pl\/wp-content\/uploads\/2024\/12\/Przedszkoliada_fot_A_Maras-56-z-56-1-1024x576.jpg 1024w, https:\/\/www.akademiasandecja.pl\/wp-content\/uploads\/2024\/12\/Przedszkoliada_fot_A_Maras-56-z-56-1-768x432.jpg 768w, https:\/\/www.akademiasandecja.pl\/wp-content\/uploads\/2024\/12\/Przedszkoliada_fot_A_Maras-56-z-56-1-1536x864.jpg 1536w\" sizes=\"auto, (max-width: 2048px) 100vw, 2048px\" \/><\/a><\/figure><\/div>\n\n\n\n<div class=\"wp-block-column is-layout-flow wp-block-column-is-layout-flow\" style=\"flex-basis:33.33%\"><h2 style=\"padding-top:0;padding-bottom:0;padding-left:0;padding-right:0;\" class=\"wp-block-post-title has-large-font-size\"><a href=\"https:\/\/www.akademiasandecja.pl\/?p=464\" target=\"_self\" >Przedszkoliada 2024<\/a><\/h2>\n\n<div class=\"wp-block-post-excerpt\"><p class=\"wp-block-post-excerpt__excerpt\"> <\/p><\/div><\/div>\n<\/div>\n\n<\/li><li class=\"wp-block-post post-461 post type-post status-publish format-standard has-post-thumbnail hentry category-bez-kategorii\">\n\n<div class=\"wp-block-columns alignwide is-layout-flex wp-container-core-columns-is-layout-28f84493 wp-block-columns-is-layout-flex\">\n<div class=\"wp-block-column is-layout-flow wp-block-column-is-layout-flow\" style=\"flex-basis:66.66%\"><figure class=\"wp-block-post-featured-image\"><a href=\"https:\/\/www.akademiasandecja.pl\/?p=461\" target=\"_self\"  ><img loading=\"lazy\" decoding=\"async\" width=\"1920\" height=\"1280\" src=\"https:\/\/www.akademiasandecja.pl\/wp-content\/uploads\/2024\/12\/mikolajki2024_26.jpg\" class=\"attachment-post-thumbnail size-post-thumbnail wp-post-image\" alt=\"Miko\u0142ajki 2024\" style=\"object-fit:cover;\" srcset=\"https:\/\/www.akademiasandecja.pl\/wp-content\/uploads\/2024\/12\/mikolajki2024_26.jpg 1920w, https:\/\/www.akademiasandecja.pl\/wp-content\/uploads\/2024\/12\/mikolajki2024_26-300x200.jpg 300w, https:\/\/www.akademiasandecja.pl\/wp-content\/uploads\/2024\/12\/mikolajki2024_26-1024x683.jpg 1024w, https:\/\/www.akademiasandecja.pl\/wp-content\/uploads\/2024\/12\/mikolajki2024_26-768x512.jpg 768w, https:\/\/www.akademiasandecja.pl\/wp-content\/uploads\/2024\/12\/mikolajki2024_26-1536x1024.jpg 1536w\" sizes=\"auto, (max-width: 1920px) 100vw, 1920px\" \/><\/a><\/figure><\/div>\n\n\n\n<div class=\"wp-block-column is-layout-flow wp-block-column-is-layout-flow\" style=\"flex-basis:33.33%\"><h2 style=\"padding-top:0;padding-bottom:0;padding-left:0;padding-right:0;\" class=\"wp-block-post-title has-large-font-size\"><a href=\"https:\/\/www.akademiasandecja.pl\/?p=461\" target=\"_self\" >Miko\u0142ajki 2024<\/a><\/h2>\n\n<div class=\"wp-block-post-excerpt\"><p class=\"wp-block-post-excerpt__excerpt\"> <\/p><\/div><\/div>\n<\/div>\n\n<\/li><li class=\"wp-block-post post-331 post type-post status-publish format-standard has-post-thumbnail hentry category-bez-kategorii\">\n\n<div class=\"wp-block-columns alignwide is-layout-flex wp-container-core-columns-is-layout-28f84493 wp-block-columns-is-layout-flex\">\n<div class=\"wp-block-column is-layout-flow wp-block-column-is-layout-flow\" style=\"flex-basis:66.66%\"><figure class=\"wp-block-post-featured-image\"><a href=\"https:\/\/www.akademiasandecja.pl\/?p=331\" target=\"_self\"  ><img loading=\"lazy\" decoding=\"async\" width=\"1920\" height=\"1280\" src=\"https:\/\/www.akademiasandecja.pl\/wp-content\/uploads\/2024\/12\/batch_3011-fot-A4-DESIGN_47.jpg\" class=\"attachment-post-thumbnail size-post-thumbnail wp-post-image\" alt=\"[U6] Sandecja &#8211; Dunajec (GALERIA)\" style=\"object-fit:cover;\" srcset=\"https:\/\/www.akademiasandecja.pl\/wp-content\/uploads\/2024\/12\/batch_3011-fot-A4-DESIGN_47.jpg 1920w, https:\/\/www.akademiasandecja.pl\/wp-content\/uploads\/2024\/12\/batch_3011-fot-A4-DESIGN_47-300x200.jpg 300w, https:\/\/www.akademiasandecja.pl\/wp-content\/uploads\/2024\/12\/batch_3011-fot-A4-DESIGN_47-1024x683.jpg 1024w, https:\/\/www.akademiasandecja.pl\/wp-content\/uploads\/2024\/12\/batch_3011-fot-A4-DESIGN_47-768x512.jpg 768w, https:\/\/www.akademiasandecja.pl\/wp-content\/uploads\/2024\/12\/batch_3011-fot-A4-DESIGN_47-1536x1024.jpg 1536w\" sizes=\"auto, (max-width: 1920px) 100vw, 1920px\" \/><\/a><\/figure><\/div>\n\n\n\n<div class=\"wp-block-column is-layout-flow wp-block-column-is-layout-flow\" style=\"flex-basis:33.33%\"><h2 style=\"padding-top:0;padding-bottom:0;padding-left:0;padding-right:0;\" class=\"wp-block-post-title has-large-font-size\"><a href=\"https:\/\/www.akademiasandecja.pl\/?p=331\" target=\"_self\" >[U6] Sandecja &#8211; Dunajec (GALERIA)<\/a><\/h2>\n\n<div class=\"wp-block-post-excerpt\"><p class=\"wp-block-post-excerpt__excerpt\">fot. A4 Design Kamil Polakiewicz <\/p><\/div><\/div>\n<\/div>\n\n<\/li><li class=\"wp-block-post post-278 post type-post status-publish format-standard has-post-thumbnail hentry category-bez-kategorii\">\n\n<div class=\"wp-block-columns alignwide is-layout-flex wp-container-core-columns-is-layout-28f84493 wp-block-columns-is-layout-flex\">\n<div class=\"wp-block-column is-layout-flow wp-block-column-is-layout-flow\" style=\"flex-basis:66.66%\"><figure class=\"wp-block-post-featured-image\"><a href=\"https:\/\/www.akademiasandecja.pl\/?p=278\" target=\"_self\"  ><img loading=\"lazy\" decoding=\"async\" width=\"2048\" height=\"1365\" src=\"https:\/\/www.akademiasandecja.pl\/wp-content\/uploads\/2024\/11\/Jesienny_Bal_Sportowcow_fot_A_Maras-17-z-50.jpg\" class=\"attachment-post-thumbnail size-post-thumbnail wp-post-image\" alt=\"Jesienny Bal Sportowc\u00f3w w Przedszkolu im. Ojca Pio  (GALERIA)\" style=\"object-fit:cover;\" srcset=\"https:\/\/www.akademiasandecja.pl\/wp-content\/uploads\/2024\/11\/Jesienny_Bal_Sportowcow_fot_A_Maras-17-z-50.jpg 2048w, https:\/\/www.akademiasandecja.pl\/wp-content\/uploads\/2024\/11\/Jesienny_Bal_Sportowcow_fot_A_Maras-17-z-50-300x200.jpg 300w, https:\/\/www.akademiasandecja.pl\/wp-content\/uploads\/2024\/11\/Jesienny_Bal_Sportowcow_fot_A_Maras-17-z-50-1024x683.jpg 1024w, https:\/\/www.akademiasandecja.pl\/wp-content\/uploads\/2024\/11\/Jesienny_Bal_Sportowcow_fot_A_Maras-17-z-50-768x512.jpg 768w, https:\/\/www.akademiasandecja.pl\/wp-content\/uploads\/2024\/11\/Jesienny_Bal_Sportowcow_fot_A_Maras-17-z-50-1536x1024.jpg 1536w\" sizes=\"auto, (max-width: 2048px) 100vw, 2048px\" \/><\/a><\/figure><\/div>\n\n\n\n<div class=\"wp-block-column is-layout-flow wp-block-column-is-layout-flow\" style=\"flex-basis:33.33%\"><h2 style=\"padding-top:0;padding-bottom:0;padding-left:0;padding-right:0;\" class=\"wp-block-post-title has-large-font-size\"><a href=\"https:\/\/www.akademiasandecja.pl\/?p=278\" target=\"_self\" >Jesienny Bal Sportowc\u00f3w w Przedszkolu im. Ojca Pio  (GALERIA)<\/a><\/h2>\n\n<div class=\"wp-block-post-excerpt\"><p class=\"wp-block-post-excerpt__excerpt\"> <\/p><\/div><\/div>\n<\/div>\n\n<\/li><li class=\"wp-block-post post-219 post type-post status-publish format-standard has-post-thumbnail hentry category-bez-kategorii\">\n\n<div class=\"wp-block-columns alignwide is-layout-flex wp-container-core-columns-is-layout-28f84493 wp-block-columns-is-layout-flex\">\n<div class=\"wp-block-column is-layout-flow wp-block-column-is-layout-flow\" style=\"flex-basis:66.66%\"><figure class=\"wp-block-post-featured-image\"><a href=\"https:\/\/www.akademiasandecja.pl\/?p=219\" target=\"_self\"  ><img loading=\"lazy\" decoding=\"async\" width=\"1920\" height=\"1280\" src=\"https:\/\/www.akademiasandecja.pl\/wp-content\/uploads\/2024\/11\/akad_14.jpg\" class=\"attachment-post-thumbnail size-post-thumbnail wp-post-image\" alt=\"[U15] Akademia Sandecja &#8211; Star Starachowice (GALERIA)\" style=\"object-fit:cover;\" srcset=\"https:\/\/www.akademiasandecja.pl\/wp-content\/uploads\/2024\/11\/akad_14.jpg 1920w, https:\/\/www.akademiasandecja.pl\/wp-content\/uploads\/2024\/11\/akad_14-300x200.jpg 300w, https:\/\/www.akademiasandecja.pl\/wp-content\/uploads\/2024\/11\/akad_14-1024x683.jpg 1024w, https:\/\/www.akademiasandecja.pl\/wp-content\/uploads\/2024\/11\/akad_14-768x512.jpg 768w, https:\/\/www.akademiasandecja.pl\/wp-content\/uploads\/2024\/11\/akad_14-1536x1024.jpg 1536w\" sizes=\"auto, (max-width: 1920px) 100vw, 1920px\" \/><\/a><\/figure><\/div>\n\n\n\n<div class=\"wp-block-column is-layout-flow wp-block-column-is-layout-flow\" style=\"flex-basis:33.33%\"><h2 style=\"padding-top:0;padding-bottom:0;padding-left:0;padding-right:0;\" class=\"wp-block-post-title has-large-font-size\"><a href=\"https:\/\/www.akademiasandecja.pl\/?p=219\" target=\"_self\" >[U15] Akademia Sandecja &#8211; Star Starachowice (GALERIA)<\/a><\/h2>\n\n<div class=\"wp-block-post-excerpt\"><p class=\"wp-block-post-excerpt__excerpt\"> <\/p><\/div><\/div>\n<\/div>\n\n<\/li><li class=\"wp-block-post post-1 post type-post status-publish format-standard has-post-thumbnail hentry category-bez-kategorii\">\n\n<div class=\"wp-block-columns alignwide is-layout-flex wp-container-core-columns-is-layout-28f84493 wp-block-columns-is-layout-flex\">\n<div class=\"wp-block-column is-layout-flow wp-block-column-is-layout-flow\" style=\"flex-basis:66.66%\"><figure class=\"wp-block-post-featured-image\"><a href=\"https:\/\/www.akademiasandecja.pl\/?p=1\" target=\"_self\"  ><img loading=\"lazy\" decoding=\"async\" width=\"1920\" height=\"1280\" src=\"https:\/\/www.akademiasandecja.pl\/wp-content\/uploads\/2024\/09\/akad_10.jpg\" class=\"attachment-post-thumbnail size-post-thumbnail wp-post-image\" alt=\"Zwyci\u0119stwo z Hutnikiem!\" style=\"object-fit:cover;\" srcset=\"https:\/\/www.akademiasandecja.pl\/wp-content\/uploads\/2024\/09\/akad_10.jpg 1920w, https:\/\/www.akademiasandecja.pl\/wp-content\/uploads\/2024\/09\/akad_10-300x200.jpg 300w, https:\/\/www.akademiasandecja.pl\/wp-content\/uploads\/2024\/09\/akad_10-1024x683.jpg 1024w, https:\/\/www.akademiasandecja.pl\/wp-content\/uploads\/2024\/09\/akad_10-768x512.jpg 768w, https:\/\/www.akademiasandecja.pl\/wp-content\/uploads\/2024\/09\/akad_10-1536x1024.jpg 1536w\" sizes=\"auto, (max-width: 1920px) 100vw, 1920px\" \/><\/a><\/figure><\/div>\n\n\n\n<div class=\"wp-block-column is-layout-flow wp-block-column-is-layout-flow\" style=\"flex-basis:33.33%\"><h2 style=\"padding-top:0;padding-bottom:0;padding-left:0;padding-right:0;\" class=\"wp-block-post-title has-large-font-size\"><a href=\"https:\/\/www.akademiasandecja.pl\/?p=1\" target=\"_self\" >Zwyci\u0119stwo z Hutnikiem!<\/a><\/h2>\n\n<div class=\"wp-block-post-excerpt\"><p class=\"wp-block-post-excerpt__excerpt\">Podopieczni trenera Piotra G\u00f3reckiego w 2. kolejce Centralnej Ligi Junior\u00f3w U-15 pokonali zesp\u00f3\u0142 Hutnika Krak\u00f3w wynikiem 4:1. <\/p><\/div><\/div>\n<\/div>\n\n<\/li><\/ul><\/div>\n\n\n\n<details class=\"wp-block-details is-layout-flow wp-block-details-is-layout-flow\"><summary><\/summary>\n<p><\/p>\n<\/details>\n","protected":false},"excerpt":{"rendered":"","protected":false},"author":1,"featured_media":0,"parent":0,"menu_order":0,"comment_status":"closed","ping_status":"closed","template":"","meta":{"footnotes":""},"class_list":["post-25","page","type-page","status-publish","hentry"],"_links":{"self":[{"href":"https:\/\/www.akademiasandecja.pl\/index.php?rest_route=\/wp\/v2\/pages\/25","targetHints":{"allow":["GET"]}}],"collection":[{"href":"https:\/\/www.akademiasandecja.pl\/index.php?rest_route=\/wp\/v2\/pages"}],"about":[{"href":"https:\/\/www.akademiasandecja.pl\/index.php?rest_route=\/wp\/v2\/types\/page"}],"author":[{"embeddable":true,"href":"https:\/\/www.akademiasandecja.pl\/index.php?rest_route=\/wp\/v2\/users\/1"}],"replies":[{"embeddable":true,"href":"https:\/\/www.akademiasandecja.pl\/index.php?rest_route=%2Fwp%2Fv2%2Fcomments&post=25"}],"version-history":[{"count":9,"href":"https:\/\/www.akademiasandecja.pl\/index.php?rest_route=\/wp\/v2\/pages\/25\/revisions"}],"predecessor-version":[{"id":589,"href":"https:\/\/www.akademiasandecja.pl\/index.php?rest_route=\/wp\/v2\/pages\/25\/revisions\/589"}],"wp:attachment":[{"href":"https:\/\/www.akademiasandecja.pl\/index.php?rest_route=%2Fwp%2Fv2%2Fmedia&parent=25"}],"curies":[{"name":"wp","href":"https:\/\/api.w.org\/{rel}","templated":true}]}}