{"id":165,"date":"2024-10-23T10:30:20","date_gmt":"2024-10-23T08:30:20","guid":{"rendered":"https:\/\/www.akademiasandecja.pl\/?page_id=165"},"modified":"2024-10-23T10:30:20","modified_gmt":"2024-10-23T08:30:20","slug":"kadra-u-9","status":"publish","type":"page","link":"https:\/\/www.akademiasandecja.pl\/?page_id=165","title":{"rendered":"Kadra U-9"},"content":{"rendered":"\n<ul class=\"wp-block-list\">\n<li>Aleksander Aleksander<\/li>\n\n\n\n<li>Brach B\u0142a\u017cej<\/li>\n\n\n\n<li>Dro\u017cd\u017c Jan<\/li>\n\n\n\n<li>Fecko Konrad<\/li>\n\n\n\n<li>Florek Dominik<\/li>\n\n\n\n<li>Gawlik Kacper<\/li>\n\n\n\n<li>Horowski Wiktor<\/li>\n\n\n\n<li>Koczenasz Filip<\/li>\n\n\n\n<li>Krzak Mi\u0142osz<\/li>\n\n\n\n<li>Laskosz Fabian<\/li>\n\n\n\n<li>Lebda Eryk<\/li>\n\n\n\n<li>Macheta Leon<\/li>\n\n\n\n<li>Micha\u0142owski Miko\u0142aj<\/li>\n\n\n\n<li>Po\u0142e\u0107 Miko\u0142aj<\/li>\n\n\n\n<li>Radzik \u0141ukasz<\/li>\n\n\n\n<li>Sopata Szymon<\/li>\n\n\n\n<li>Szarota Jan<\/li>\n\n\n\n<li>Trojan Adrian<\/li>\n\n\n\n<li>Wysowski Szymon<\/li>\n<\/ul>\n\n\n\n<div class=\"wp-block-columns is-layout-flex wp-container-core-columns-is-layout-28f84493 wp-block-columns-is-layout-flex\">\n<div class=\"wp-block-column is-layout-flow wp-block-column-is-layout-flow\">\n<figure class=\"wp-block-image size-large\"><img loading=\"lazy\" decoding=\"async\" width=\"1024\" height=\"1024\" src=\"https:\/\/www.akademiasandecja.pl\/wp-content\/uploads\/2024\/10\/Kantor-1024x1024.png\" alt=\"\" class=\"wp-image-160\" srcset=\"https:\/\/www.akademiasandecja.pl\/wp-content\/uploads\/2024\/10\/Kantor-1024x1024.png 1024w, https:\/\/www.akademiasandecja.pl\/wp-content\/uploads\/2024\/10\/Kantor-300x300.png 300w, https:\/\/www.akademiasandecja.pl\/wp-content\/uploads\/2024\/10\/Kantor-150x150.png 150w, https:\/\/www.akademiasandecja.pl\/wp-content\/uploads\/2024\/10\/Kantor-768x768.png 768w, https:\/\/www.akademiasandecja.pl\/wp-content\/uploads\/2024\/10\/Kantor.png 1080w\" sizes=\"auto, (max-width: 1024px) 100vw, 1024px\" \/><\/figure>\n<\/div>\n\n\n\n<div class=\"wp-block-column is-layout-flow wp-block-column-is-layout-flow\"><\/div>\n<\/div>\n\n\n\n<div class=\"wp-block-columns is-layout-flex wp-container-core-columns-is-layout-28f84493 wp-block-columns-is-layout-flex\">\n<div class=\"wp-block-column is-layout-flow wp-block-column-is-layout-flow\">\n<p class=\"has-text-align-center\"><strong>Dawid Kantor<\/strong><\/p>\n<\/div>\n\n\n\n<div class=\"wp-block-column is-layout-flow wp-block-column-is-layout-flow\"><\/div>\n<\/div>\n\n\n\n<p><\/p>\n","protected":false},"excerpt":{"rendered":"<p>Dawid Kantor<\/p>\n","protected":false},"author":1,"featured_media":0,"parent":0,"menu_order":0,"comment_status":"closed","ping_status":"closed","template":"","meta":{"footnotes":""},"class_list":["post-165","page","type-page","status-publish","hentry"],"_links":{"self":[{"href":"https:\/\/www.akademiasandecja.pl\/index.php?rest_route=\/wp\/v2\/pages\/165","targetHints":{"allow":["GET"]}}],"collection":[{"href":"https:\/\/www.akademiasandecja.pl\/index.php?rest_route=\/wp\/v2\/pages"}],"about":[{"href":"https:\/\/www.akademiasandecja.pl\/index.php?rest_route=\/wp\/v2\/types\/page"}],"author":[{"embeddable":true,"href":"https:\/\/www.akademiasandecja.pl\/index.php?rest_route=\/wp\/v2\/users\/1"}],"replies":[{"embeddable":true,"href":"https:\/\/www.akademiasandecja.pl\/index.php?rest_route=%2Fwp%2Fv2%2Fcomments&post=165"}],"version-history":[{"count":1,"href":"https:\/\/www.akademiasandecja.pl\/index.php?rest_route=\/wp\/v2\/pages\/165\/revisions"}],"predecessor-version":[{"id":166,"href":"https:\/\/www.akademiasandecja.pl\/index.php?rest_route=\/wp\/v2\/pages\/165\/revisions\/166"}],"wp:attachment":[{"href":"https:\/\/www.akademiasandecja.pl\/index.php?rest_route=%2Fwp%2Fv2%2Fmedia&parent=165"}],"curies":[{"name":"wp","href":"https:\/\/api.w.org\/{rel}","templated":true}]}}