{"id":126,"date":"2024-10-15T10:13:07","date_gmt":"2024-10-15T08:13:07","guid":{"rendered":"https:\/\/www.akademiasandecja.pl\/?page_id=126"},"modified":"2024-11-13T14:22:16","modified_gmt":"2024-11-13T13:22:16","slug":"kadra-u-15","status":"publish","type":"page","link":"https:\/\/www.akademiasandecja.pl\/?page_id=126","title":{"rendered":"Kadra U-15"},"content":{"rendered":"\n<p class=\"has-text-align-center has-large-font-size\"><strong>BRAMKARZE<\/strong><\/p>\n\n\n\n<div class=\"wp-block-columns is-layout-flex wp-container-core-columns-is-layout-28f84493 wp-block-columns-is-layout-flex\">\n<div class=\"wp-block-column is-layout-flow wp-block-column-is-layout-flow\">\n<figure class=\"wp-block-image size-full\"><img loading=\"lazy\" decoding=\"async\" width=\"460\" height=\"500\" src=\"https:\/\/www.akademiasandecja.pl\/wp-content\/uploads\/2024\/11\/michalik.png\" alt=\"\" class=\"wp-image-181\" srcset=\"https:\/\/www.akademiasandecja.pl\/wp-content\/uploads\/2024\/11\/michalik.png 460w, https:\/\/www.akademiasandecja.pl\/wp-content\/uploads\/2024\/11\/michalik-276x300.png 276w\" sizes=\"auto, (max-width: 460px) 100vw, 460px\" \/><\/figure>\n<\/div>\n\n\n\n<div class=\"wp-block-column is-layout-flow wp-block-column-is-layout-flow\">\n<figure class=\"wp-block-image size-full\"><img loading=\"lazy\" decoding=\"async\" width=\"460\" height=\"500\" src=\"https:\/\/www.akademiasandecja.pl\/wp-content\/uploads\/2024\/11\/Plata.png\" alt=\"\" class=\"wp-image-180\" srcset=\"https:\/\/www.akademiasandecja.pl\/wp-content\/uploads\/2024\/11\/Plata.png 460w, https:\/\/www.akademiasandecja.pl\/wp-content\/uploads\/2024\/11\/Plata-276x300.png 276w\" sizes=\"auto, (max-width: 460px) 100vw, 460px\" \/><\/figure>\n<\/div>\n\n\n\n<div class=\"wp-block-column is-layout-flow wp-block-column-is-layout-flow\">\n<figure class=\"wp-block-image size-full\"><img loading=\"lazy\" decoding=\"async\" width=\"460\" height=\"500\" src=\"https:\/\/www.akademiasandecja.pl\/wp-content\/uploads\/2024\/11\/Jagiela.png\" alt=\"\" class=\"wp-image-182\" srcset=\"https:\/\/www.akademiasandecja.pl\/wp-content\/uploads\/2024\/11\/Jagiela.png 460w, https:\/\/www.akademiasandecja.pl\/wp-content\/uploads\/2024\/11\/Jagiela-276x300.png 276w\" sizes=\"auto, (max-width: 460px) 100vw, 460px\" \/><\/figure>\n<\/div>\n<\/div>\n\n\n\n<div class=\"wp-block-columns is-layout-flex wp-container-core-columns-is-layout-28f84493 wp-block-columns-is-layout-flex\">\n<div class=\"wp-block-column is-layout-flow wp-block-column-is-layout-flow\">\n<p class=\"has-text-align-center\"><strong>FILIP MICHALIK<\/strong><\/p>\n<\/div>\n\n\n\n<div class=\"wp-block-column is-layout-flow wp-block-column-is-layout-flow\">\n<p class=\"has-text-align-center\"><strong>OSKAR PLATA<\/strong><\/p>\n<\/div>\n\n\n\n<div class=\"wp-block-column is-layout-flow wp-block-column-is-layout-flow\">\n<p class=\"has-text-align-center\"><strong>KAROL JAGIE\u0141A<\/strong><\/p>\n<\/div>\n<\/div>\n\n\n\n<div style=\"height:23px\" aria-hidden=\"true\" class=\"wp-block-spacer\"><\/div>\n\n\n\n<p class=\"has-text-align-center has-large-font-size\"><strong>OBRO\u0143CY<\/strong><\/p>\n\n\n\n<div class=\"wp-block-columns is-layout-flex wp-container-core-columns-is-layout-28f84493 wp-block-columns-is-layout-flex\">\n<div class=\"wp-block-column is-layout-flow wp-block-column-is-layout-flow\">\n<figure class=\"wp-block-image size-full\"><img loading=\"lazy\" decoding=\"async\" width=\"460\" height=\"500\" src=\"https:\/\/www.akademiasandecja.pl\/wp-content\/uploads\/2024\/11\/Badowski.png\" alt=\"\" class=\"wp-image-184\" srcset=\"https:\/\/www.akademiasandecja.pl\/wp-content\/uploads\/2024\/11\/Badowski.png 460w, https:\/\/www.akademiasandecja.pl\/wp-content\/uploads\/2024\/11\/Badowski-276x300.png 276w\" sizes=\"auto, (max-width: 460px) 100vw, 460px\" \/><\/figure>\n<\/div>\n\n\n\n<div class=\"wp-block-column is-layout-flow wp-block-column-is-layout-flow\">\n<figure class=\"wp-block-image size-full\"><img loading=\"lazy\" decoding=\"async\" width=\"460\" height=\"500\" src=\"https:\/\/www.akademiasandecja.pl\/wp-content\/uploads\/2024\/11\/Stankiewicz.png\" alt=\"\" class=\"wp-image-185\" srcset=\"https:\/\/www.akademiasandecja.pl\/wp-content\/uploads\/2024\/11\/Stankiewicz.png 460w, https:\/\/www.akademiasandecja.pl\/wp-content\/uploads\/2024\/11\/Stankiewicz-276x300.png 276w\" sizes=\"auto, (max-width: 460px) 100vw, 460px\" \/><\/figure>\n<\/div>\n\n\n\n<div class=\"wp-block-column is-layout-flow wp-block-column-is-layout-flow\">\n<figure class=\"wp-block-image size-full\"><img loading=\"lazy\" decoding=\"async\" width=\"460\" height=\"500\" src=\"https:\/\/www.akademiasandecja.pl\/wp-content\/uploads\/2024\/11\/Gron.png\" alt=\"\" class=\"wp-image-193\" srcset=\"https:\/\/www.akademiasandecja.pl\/wp-content\/uploads\/2024\/11\/Gron.png 460w, https:\/\/www.akademiasandecja.pl\/wp-content\/uploads\/2024\/11\/Gron-276x300.png 276w\" sizes=\"auto, (max-width: 460px) 100vw, 460px\" \/><\/figure>\n<\/div>\n<\/div>\n\n\n\n<div class=\"wp-block-columns is-layout-flex wp-container-core-columns-is-layout-28f84493 wp-block-columns-is-layout-flex\">\n<div class=\"wp-block-column is-layout-flow wp-block-column-is-layout-flow\">\n<p class=\"has-text-align-center\"><strong>MICHA\u0141 BADOWSKI<\/strong><\/p>\n<\/div>\n\n\n\n<div class=\"wp-block-column is-layout-flow wp-block-column-is-layout-flow\">\n<p class=\"has-text-align-center\"><strong>TOMASZ STANKIEWICZ<\/strong><\/p>\n<\/div>\n\n\n\n<div class=\"wp-block-column is-layout-flow wp-block-column-is-layout-flow\">\n<p class=\"has-text-align-center\"><strong>JAKUB GRO\u0143<\/strong><\/p>\n<\/div>\n<\/div>\n\n\n\n<div class=\"wp-block-columns is-layout-flex wp-container-core-columns-is-layout-28f84493 wp-block-columns-is-layout-flex\">\n<div class=\"wp-block-column is-layout-flow wp-block-column-is-layout-flow\">\n<figure class=\"wp-block-image size-full\"><img loading=\"lazy\" decoding=\"async\" width=\"460\" height=\"500\" src=\"https:\/\/www.akademiasandecja.pl\/wp-content\/uploads\/2024\/11\/Olchawa.png\" alt=\"\" class=\"wp-image-187\" srcset=\"https:\/\/www.akademiasandecja.pl\/wp-content\/uploads\/2024\/11\/Olchawa.png 460w, https:\/\/www.akademiasandecja.pl\/wp-content\/uploads\/2024\/11\/Olchawa-276x300.png 276w\" sizes=\"auto, (max-width: 460px) 100vw, 460px\" \/><\/figure>\n<\/div>\n\n\n\n<div class=\"wp-block-column is-layout-flow wp-block-column-is-layout-flow\">\n<figure class=\"wp-block-image size-full\"><img loading=\"lazy\" decoding=\"async\" width=\"460\" height=\"500\" src=\"https:\/\/www.akademiasandecja.pl\/wp-content\/uploads\/2024\/11\/Ociepka.png\" alt=\"\" class=\"wp-image-195\" srcset=\"https:\/\/www.akademiasandecja.pl\/wp-content\/uploads\/2024\/11\/Ociepka.png 460w, https:\/\/www.akademiasandecja.pl\/wp-content\/uploads\/2024\/11\/Ociepka-276x300.png 276w\" sizes=\"auto, (max-width: 460px) 100vw, 460px\" \/><\/figure>\n<\/div>\n\n\n\n<div class=\"wp-block-column is-layout-flow wp-block-column-is-layout-flow\">\n<figure class=\"wp-block-image size-full\"><img loading=\"lazy\" decoding=\"async\" width=\"460\" height=\"500\" src=\"https:\/\/www.akademiasandecja.pl\/wp-content\/uploads\/2024\/11\/Oleksy.png\" alt=\"\" class=\"wp-image-196\" srcset=\"https:\/\/www.akademiasandecja.pl\/wp-content\/uploads\/2024\/11\/Oleksy.png 460w, https:\/\/www.akademiasandecja.pl\/wp-content\/uploads\/2024\/11\/Oleksy-276x300.png 276w\" sizes=\"auto, (max-width: 460px) 100vw, 460px\" \/><\/figure>\n<\/div>\n<\/div>\n\n\n\n<div class=\"wp-block-columns is-layout-flex wp-container-core-columns-is-layout-28f84493 wp-block-columns-is-layout-flex\">\n<div class=\"wp-block-column is-layout-flow wp-block-column-is-layout-flow\">\n<p class=\"has-text-align-center\"><strong>MACIEJ OLCHAWA<\/strong><\/p>\n<\/div>\n\n\n\n<div class=\"wp-block-column is-layout-flow wp-block-column-is-layout-flow\">\n<p class=\"has-text-align-center\"><strong>KRZYSZTOF OCIEPKA<\/strong><\/p>\n<\/div>\n\n\n\n<div class=\"wp-block-column is-layout-flow wp-block-column-is-layout-flow\">\n<p class=\"has-text-align-center\"><strong>KAROL OLEKSY<\/strong><\/p>\n<\/div>\n<\/div>\n\n\n\n<p class=\"has-text-align-center has-large-font-size\"><strong>POMOCNICY<\/strong><\/p>\n\n\n\n<div class=\"wp-block-columns is-layout-flex wp-container-core-columns-is-layout-28f84493 wp-block-columns-is-layout-flex\">\n<div class=\"wp-block-column is-layout-flow wp-block-column-is-layout-flow\">\n<figure class=\"wp-block-image size-full\"><img loading=\"lazy\" decoding=\"async\" width=\"460\" height=\"500\" src=\"https:\/\/www.akademiasandecja.pl\/wp-content\/uploads\/2024\/11\/Odroniec.png\" alt=\"\" class=\"wp-image-197\" srcset=\"https:\/\/www.akademiasandecja.pl\/wp-content\/uploads\/2024\/11\/Odroniec.png 460w, https:\/\/www.akademiasandecja.pl\/wp-content\/uploads\/2024\/11\/Odroniec-276x300.png 276w\" sizes=\"auto, (max-width: 460px) 100vw, 460px\" \/><\/figure>\n<\/div>\n\n\n\n<div class=\"wp-block-column is-layout-flow wp-block-column-is-layout-flow\">\n<figure class=\"wp-block-image size-full\"><img loading=\"lazy\" decoding=\"async\" width=\"460\" height=\"500\" src=\"https:\/\/www.akademiasandecja.pl\/wp-content\/uploads\/2024\/11\/Lorek.png\" alt=\"\" class=\"wp-image-188\" srcset=\"https:\/\/www.akademiasandecja.pl\/wp-content\/uploads\/2024\/11\/Lorek.png 460w, https:\/\/www.akademiasandecja.pl\/wp-content\/uploads\/2024\/11\/Lorek-276x300.png 276w\" sizes=\"auto, (max-width: 460px) 100vw, 460px\" \/><\/figure>\n<\/div>\n\n\n\n<div class=\"wp-block-column is-layout-flow wp-block-column-is-layout-flow\">\n<figure class=\"wp-block-image size-full\"><img loading=\"lazy\" decoding=\"async\" width=\"460\" height=\"500\" src=\"https:\/\/www.akademiasandecja.pl\/wp-content\/uploads\/2024\/11\/Kowalski.png\" alt=\"\" class=\"wp-image-198\" srcset=\"https:\/\/www.akademiasandecja.pl\/wp-content\/uploads\/2024\/11\/Kowalski.png 460w, https:\/\/www.akademiasandecja.pl\/wp-content\/uploads\/2024\/11\/Kowalski-276x300.png 276w\" sizes=\"auto, (max-width: 460px) 100vw, 460px\" \/><\/figure>\n<\/div>\n<\/div>\n\n\n\n<div class=\"wp-block-columns is-layout-flex wp-container-core-columns-is-layout-28f84493 wp-block-columns-is-layout-flex\">\n<div class=\"wp-block-column is-layout-flow wp-block-column-is-layout-flow\">\n<p class=\"has-text-align-center\"><strong>NIKODEM ODRONIEC<\/strong><\/p>\n<\/div>\n\n\n\n<div class=\"wp-block-column is-layout-flow wp-block-column-is-layout-flow\">\n<p class=\"has-text-align-center\"><strong>KRYSPIN LOREK<\/strong><\/p>\n<\/div>\n\n\n\n<div class=\"wp-block-column is-layout-flow wp-block-column-is-layout-flow\">\n<p class=\"has-text-align-center\"><strong>KACPER KOWALSKI<\/strong><\/p>\n<\/div>\n<\/div>\n\n\n\n<div class=\"wp-block-columns is-layout-flex wp-container-core-columns-is-layout-28f84493 wp-block-columns-is-layout-flex\">\n<div class=\"wp-block-column is-layout-flow wp-block-column-is-layout-flow\">\n<figure class=\"wp-block-image size-full\"><img loading=\"lazy\" decoding=\"async\" width=\"460\" height=\"500\" src=\"https:\/\/www.akademiasandecja.pl\/wp-content\/uploads\/2024\/11\/Mrozowski.png\" alt=\"\" class=\"wp-image-200\" srcset=\"https:\/\/www.akademiasandecja.pl\/wp-content\/uploads\/2024\/11\/Mrozowski.png 460w, https:\/\/www.akademiasandecja.pl\/wp-content\/uploads\/2024\/11\/Mrozowski-276x300.png 276w\" sizes=\"auto, (max-width: 460px) 100vw, 460px\" \/><\/figure>\n<\/div>\n\n\n\n<div class=\"wp-block-column is-layout-flow wp-block-column-is-layout-flow\">\n<figure class=\"wp-block-image size-full\"><img loading=\"lazy\" decoding=\"async\" width=\"460\" height=\"500\" src=\"https:\/\/www.akademiasandecja.pl\/wp-content\/uploads\/2024\/11\/Macias.png\" alt=\"\" class=\"wp-image-201\" srcset=\"https:\/\/www.akademiasandecja.pl\/wp-content\/uploads\/2024\/11\/Macias.png 460w, https:\/\/www.akademiasandecja.pl\/wp-content\/uploads\/2024\/11\/Macias-276x300.png 276w\" sizes=\"auto, (max-width: 460px) 100vw, 460px\" \/><\/figure>\n<\/div>\n\n\n\n<div class=\"wp-block-column is-layout-flow wp-block-column-is-layout-flow\">\n<figure class=\"wp-block-image size-full\"><img loading=\"lazy\" decoding=\"async\" width=\"460\" height=\"500\" src=\"https:\/\/www.akademiasandecja.pl\/wp-content\/uploads\/2024\/11\/Kupec.png\" alt=\"\" class=\"wp-image-202\" srcset=\"https:\/\/www.akademiasandecja.pl\/wp-content\/uploads\/2024\/11\/Kupec.png 460w, https:\/\/www.akademiasandecja.pl\/wp-content\/uploads\/2024\/11\/Kupec-276x300.png 276w\" sizes=\"auto, (max-width: 460px) 100vw, 460px\" \/><\/figure>\n<\/div>\n<\/div>\n\n\n\n<div class=\"wp-block-columns is-layout-flex wp-container-core-columns-is-layout-28f84493 wp-block-columns-is-layout-flex\">\n<div class=\"wp-block-column is-layout-flow wp-block-column-is-layout-flow\">\n<p class=\"has-text-align-center\"><strong>SZYMON MROZOWSKI<\/strong><\/p>\n<\/div>\n\n\n\n<div class=\"wp-block-column is-layout-flow wp-block-column-is-layout-flow\">\n<p class=\"has-text-align-center\"><strong>IGOR MACIA\u015a<\/strong><\/p>\n<\/div>\n\n\n\n<div class=\"wp-block-column is-layout-flow wp-block-column-is-layout-flow\">\n<p class=\"has-text-align-center\"><strong>TIMOTHY KUPEC<\/strong><\/p>\n<\/div>\n<\/div>\n\n\n\n<div class=\"wp-block-columns is-layout-flex wp-container-core-columns-is-layout-28f84493 wp-block-columns-is-layout-flex\">\n<div class=\"wp-block-column is-layout-flow wp-block-column-is-layout-flow\">\n<figure class=\"wp-block-image size-full\"><img loading=\"lazy\" decoding=\"async\" width=\"460\" height=\"500\" src=\"https:\/\/www.akademiasandecja.pl\/wp-content\/uploads\/2024\/11\/Tomasik.png\" alt=\"\" class=\"wp-image-203\" srcset=\"https:\/\/www.akademiasandecja.pl\/wp-content\/uploads\/2024\/11\/Tomasik.png 460w, https:\/\/www.akademiasandecja.pl\/wp-content\/uploads\/2024\/11\/Tomasik-276x300.png 276w\" sizes=\"auto, (max-width: 460px) 100vw, 460px\" \/><\/figure>\n<\/div>\n\n\n\n<div class=\"wp-block-column is-layout-flow wp-block-column-is-layout-flow\">\n<figure class=\"wp-block-image size-full\"><img loading=\"lazy\" decoding=\"async\" width=\"460\" height=\"500\" src=\"https:\/\/www.akademiasandecja.pl\/wp-content\/uploads\/2024\/11\/KucharczykG.png\" alt=\"\" class=\"wp-image-204\" srcset=\"https:\/\/www.akademiasandecja.pl\/wp-content\/uploads\/2024\/11\/KucharczykG.png 460w, https:\/\/www.akademiasandecja.pl\/wp-content\/uploads\/2024\/11\/KucharczykG-276x300.png 276w\" sizes=\"auto, (max-width: 460px) 100vw, 460px\" \/><\/figure>\n<\/div>\n\n\n\n<div class=\"wp-block-column is-layout-flow wp-block-column-is-layout-flow\">\n<figure class=\"wp-block-image size-full\"><img loading=\"lazy\" decoding=\"async\" width=\"460\" height=\"500\" src=\"https:\/\/www.akademiasandecja.pl\/wp-content\/uploads\/2024\/11\/KucharczykM.png\" alt=\"\" class=\"wp-image-205\" srcset=\"https:\/\/www.akademiasandecja.pl\/wp-content\/uploads\/2024\/11\/KucharczykM.png 460w, https:\/\/www.akademiasandecja.pl\/wp-content\/uploads\/2024\/11\/KucharczykM-276x300.png 276w\" sizes=\"auto, (max-width: 460px) 100vw, 460px\" \/><\/figure>\n<\/div>\n<\/div>\n\n\n\n<div class=\"wp-block-columns is-layout-flex wp-container-core-columns-is-layout-28f84493 wp-block-columns-is-layout-flex\">\n<div class=\"wp-block-column is-layout-flow wp-block-column-is-layout-flow\">\n<p class=\"has-text-align-center\"><strong>BARTOSZ TOMASIK<\/strong><\/p>\n<\/div>\n\n\n\n<div class=\"wp-block-column is-layout-flow wp-block-column-is-layout-flow\">\n<p class=\"has-text-align-center\"><strong>GABRIEL KUCHARCZYK<\/strong><\/p>\n<\/div>\n\n\n\n<div class=\"wp-block-column is-layout-flow wp-block-column-is-layout-flow\">\n<p class=\"has-text-align-center\"><strong>MATEUSZ KUCHARCZYK<\/strong><\/p>\n<\/div>\n<\/div>\n\n\n\n<div class=\"wp-block-columns is-layout-flex wp-container-core-columns-is-layout-28f84493 wp-block-columns-is-layout-flex\">\n<div class=\"wp-block-column is-layout-flow wp-block-column-is-layout-flow\">\n<figure class=\"wp-block-image size-full\"><img loading=\"lazy\" decoding=\"async\" width=\"460\" height=\"500\" src=\"https:\/\/www.akademiasandecja.pl\/wp-content\/uploads\/2024\/11\/Rusnarczyk.png\" alt=\"\" class=\"wp-image-207\" srcset=\"https:\/\/www.akademiasandecja.pl\/wp-content\/uploads\/2024\/11\/Rusnarczyk.png 460w, https:\/\/www.akademiasandecja.pl\/wp-content\/uploads\/2024\/11\/Rusnarczyk-276x300.png 276w\" sizes=\"auto, (max-width: 460px) 100vw, 460px\" \/><\/figure>\n<\/div>\n\n\n\n<div class=\"wp-block-column is-layout-flow wp-block-column-is-layout-flow\">\n<figure class=\"wp-block-image size-full\"><img loading=\"lazy\" decoding=\"async\" width=\"460\" height=\"500\" src=\"https:\/\/www.akademiasandecja.pl\/wp-content\/uploads\/2024\/11\/Tarasek.png\" alt=\"\" class=\"wp-image-208\" srcset=\"https:\/\/www.akademiasandecja.pl\/wp-content\/uploads\/2024\/11\/Tarasek.png 460w, https:\/\/www.akademiasandecja.pl\/wp-content\/uploads\/2024\/11\/Tarasek-276x300.png 276w\" sizes=\"auto, (max-width: 460px) 100vw, 460px\" \/><\/figure>\n<\/div>\n\n\n\n<div class=\"wp-block-column is-layout-flow wp-block-column-is-layout-flow\">\n<figure class=\"wp-block-image size-full\"><img loading=\"lazy\" decoding=\"async\" width=\"460\" height=\"500\" src=\"https:\/\/www.akademiasandecja.pl\/wp-content\/uploads\/2024\/11\/Hedwig.png\" alt=\"\" class=\"wp-image-209\" srcset=\"https:\/\/www.akademiasandecja.pl\/wp-content\/uploads\/2024\/11\/Hedwig.png 460w, https:\/\/www.akademiasandecja.pl\/wp-content\/uploads\/2024\/11\/Hedwig-276x300.png 276w\" sizes=\"auto, (max-width: 460px) 100vw, 460px\" \/><\/figure>\n<\/div>\n<\/div>\n\n\n\n<div class=\"wp-block-columns is-layout-flex wp-container-core-columns-is-layout-28f84493 wp-block-columns-is-layout-flex\">\n<div class=\"wp-block-column is-layout-flow wp-block-column-is-layout-flow\">\n<p class=\"has-text-align-center\"><strong>DOMINIK RUSNARCZYK<\/strong><\/p>\n<\/div>\n\n\n\n<div class=\"wp-block-column is-layout-flow wp-block-column-is-layout-flow\">\n<p class=\"has-text-align-center\"><strong>GRZEGORZ TARASEK<\/strong><\/p>\n<\/div>\n\n\n\n<div class=\"wp-block-column is-layout-flow wp-block-column-is-layout-flow\">\n<p class=\"has-text-align-center\"><strong>OLIWIER HEDWIG<\/strong><\/p>\n<\/div>\n<\/div>\n\n\n\n<p class=\"has-text-align-center has-large-font-size\"><strong>NAPASTNICY<\/strong><\/p>\n\n\n\n<div class=\"wp-block-columns is-layout-flex wp-container-core-columns-is-layout-28f84493 wp-block-columns-is-layout-flex\">\n<div class=\"wp-block-column is-layout-flow wp-block-column-is-layout-flow\">\n<figure class=\"wp-block-image size-full\"><img loading=\"lazy\" decoding=\"async\" width=\"460\" height=\"500\" src=\"https:\/\/www.akademiasandecja.pl\/wp-content\/uploads\/2024\/11\/Timocko.png\" alt=\"\" class=\"wp-image-190\" srcset=\"https:\/\/www.akademiasandecja.pl\/wp-content\/uploads\/2024\/11\/Timocko.png 460w, https:\/\/www.akademiasandecja.pl\/wp-content\/uploads\/2024\/11\/Timocko-276x300.png 276w\" sizes=\"auto, (max-width: 460px) 100vw, 460px\" \/><\/figure>\n<\/div>\n\n\n\n<div class=\"wp-block-column is-layout-flow wp-block-column-is-layout-flow\">\n<figure class=\"wp-block-image size-full\"><img loading=\"lazy\" decoding=\"async\" width=\"460\" height=\"500\" src=\"https:\/\/www.akademiasandecja.pl\/wp-content\/uploads\/2024\/11\/Grzesiak.png\" alt=\"\" class=\"wp-image-210\" srcset=\"https:\/\/www.akademiasandecja.pl\/wp-content\/uploads\/2024\/11\/Grzesiak.png 460w, https:\/\/www.akademiasandecja.pl\/wp-content\/uploads\/2024\/11\/Grzesiak-276x300.png 276w\" sizes=\"auto, (max-width: 460px) 100vw, 460px\" \/><\/figure>\n<\/div>\n\n\n\n<div class=\"wp-block-column is-layout-flow wp-block-column-is-layout-flow\"><\/div>\n<\/div>\n\n\n\n<div class=\"wp-block-columns is-layout-flex wp-container-core-columns-is-layout-28f84493 wp-block-columns-is-layout-flex\">\n<div class=\"wp-block-column is-layout-flow wp-block-column-is-layout-flow\">\n<p class=\"has-text-align-center\"><strong>PAVOL TIMOCKO<\/strong><\/p>\n<\/div>\n\n\n\n<div class=\"wp-block-column is-layout-flow wp-block-column-is-layout-flow\">\n<p class=\"has-text-align-center\"><strong>KSAWERY GRZESIAK<\/strong><\/p>\n<\/div>\n\n\n\n<div class=\"wp-block-column is-layout-flow wp-block-column-is-layout-flow\">\n<p class=\"has-text-align-center\"><strong>HUBERT JANUS<\/strong><\/p>\n<\/div>\n<\/div>\n\n\n\n<div style=\"height:21px\" aria-hidden=\"true\" class=\"wp-block-spacer\"><\/div>\n\n\n\n<p class=\"has-text-align-center has-large-font-size\"><strong>SZTAB SZKOLENIOWY<\/strong><\/p>\n\n\n\n<div class=\"wp-block-columns is-layout-flex wp-container-core-columns-is-layout-28f84493 wp-block-columns-is-layout-flex\">\n<div class=\"wp-block-column is-layout-flow wp-block-column-is-layout-flow\">\n<figure class=\"wp-block-image size-large\"><img loading=\"lazy\" decoding=\"async\" width=\"1024\" height=\"1024\" src=\"https:\/\/www.akademiasandecja.pl\/wp-content\/uploads\/2024\/11\/Gorecki-1024x1024.png\" alt=\"\" class=\"wp-image-212\" srcset=\"https:\/\/www.akademiasandecja.pl\/wp-content\/uploads\/2024\/11\/Gorecki-1024x1024.png 1024w, https:\/\/www.akademiasandecja.pl\/wp-content\/uploads\/2024\/11\/Gorecki-300x300.png 300w, https:\/\/www.akademiasandecja.pl\/wp-content\/uploads\/2024\/11\/Gorecki-150x150.png 150w, https:\/\/www.akademiasandecja.pl\/wp-content\/uploads\/2024\/11\/Gorecki-768x768.png 768w, https:\/\/www.akademiasandecja.pl\/wp-content\/uploads\/2024\/11\/Gorecki.png 1080w\" sizes=\"auto, (max-width: 1024px) 100vw, 1024px\" \/><\/figure>\n<\/div>\n\n\n\n<div class=\"wp-block-column is-layout-flow wp-block-column-is-layout-flow\">\n<figure class=\"wp-block-image size-large\"><img loading=\"lazy\" decoding=\"async\" width=\"1024\" height=\"1024\" src=\"https:\/\/www.akademiasandecja.pl\/wp-content\/uploads\/2024\/11\/Goldyn-1024x1024.png\" alt=\"\" class=\"wp-image-214\" srcset=\"https:\/\/www.akademiasandecja.pl\/wp-content\/uploads\/2024\/11\/Goldyn-1024x1024.png 1024w, https:\/\/www.akademiasandecja.pl\/wp-content\/uploads\/2024\/11\/Goldyn-300x300.png 300w, https:\/\/www.akademiasandecja.pl\/wp-content\/uploads\/2024\/11\/Goldyn-150x150.png 150w, https:\/\/www.akademiasandecja.pl\/wp-content\/uploads\/2024\/11\/Goldyn-768x768.png 768w, https:\/\/www.akademiasandecja.pl\/wp-content\/uploads\/2024\/11\/Goldyn.png 1080w\" sizes=\"auto, (max-width: 1024px) 100vw, 1024px\" \/><\/figure>\n<\/div>\n\n\n\n<div class=\"wp-block-column is-layout-flow wp-block-column-is-layout-flow\">\n<figure class=\"wp-block-image size-large\"><img loading=\"lazy\" decoding=\"async\" width=\"1024\" height=\"1024\" src=\"https:\/\/www.akademiasandecja.pl\/wp-content\/uploads\/2024\/11\/Bodziony-1024x1024.png\" alt=\"\" class=\"wp-image-215\" srcset=\"https:\/\/www.akademiasandecja.pl\/wp-content\/uploads\/2024\/11\/Bodziony-1024x1024.png 1024w, https:\/\/www.akademiasandecja.pl\/wp-content\/uploads\/2024\/11\/Bodziony-300x300.png 300w, https:\/\/www.akademiasandecja.pl\/wp-content\/uploads\/2024\/11\/Bodziony-150x150.png 150w, https:\/\/www.akademiasandecja.pl\/wp-content\/uploads\/2024\/11\/Bodziony-768x768.png 768w, https:\/\/www.akademiasandecja.pl\/wp-content\/uploads\/2024\/11\/Bodziony.png 1080w\" sizes=\"auto, (max-width: 1024px) 100vw, 1024px\" \/><\/figure>\n<\/div>\n<\/div>\n\n\n\n<div class=\"wp-block-columns is-layout-flex wp-container-core-columns-is-layout-28f84493 wp-block-columns-is-layout-flex\">\n<div class=\"wp-block-column is-layout-flow wp-block-column-is-layout-flow\">\n<p class=\"has-text-align-center\"><strong>PIOTR G\u00d3RECKI <\/strong> <\/p>\n\n\n\n<p class=\"has-text-align-center\"><strong>I TRENER<\/strong><\/p>\n<\/div>\n\n\n\n<div class=\"wp-block-column is-layout-flow wp-block-column-is-layout-flow\">\n<p class=\"has-text-align-center\"><strong>HENRYK GO\u0141DYN<\/strong><\/p>\n\n\n\n<p class=\"has-text-align-center\"><strong>II TRENER<\/strong><\/p>\n<\/div>\n\n\n\n<div class=\"wp-block-column is-layout-flow wp-block-column-is-layout-flow\">\n<p class=\"has-text-align-center\"><strong>WIKTOR BODZIONY<\/strong><\/p>\n\n\n\n<p class=\"has-text-align-center\"><strong>FIZJOTERAPEUTA<\/strong><\/p>\n<\/div>\n<\/div>\n","protected":false},"excerpt":{"rendered":"<p>BRAMKARZE FILIP MICHALIK OSKAR PLATA KAROL JAGIE\u0141A OBRO\u0143CY MICHA\u0141 BADOWSKI TOMASZ STANKIEWICZ JAKUB GRO\u0143 MACIEJ OLCHAWA KRZYSZTOF OCIEPKA KAROL OLEKSY POMOCNICY NIKODEM ODRONIEC KRYSPIN LOREK KACPER KOWALSKI SZYMON MROZOWSKI IGOR MACIA\u015a TIMOTHY KUPEC BARTOSZ TOMASIK GABRIEL KUCHARCZYK MATEUSZ KUCHARCZYK DOMINIK RUSNARCZYK GRZEGORZ TARASEK OLIWIER HEDWIG NAPASTNICY PAVOL TIMOCKO KSAWERY GRZESIAK HUBERT JANUS SZTAB SZKOLENIOWY PIOTR [&hellip;]<\/p>\n","protected":false},"author":1,"featured_media":0,"parent":0,"menu_order":0,"comment_status":"closed","ping_status":"closed","template":"","meta":{"footnotes":""},"class_list":["post-126","page","type-page","status-publish","hentry"],"_links":{"self":[{"href":"https:\/\/www.akademiasandecja.pl\/index.php?rest_route=\/wp\/v2\/pages\/126","targetHints":{"allow":["GET"]}}],"collection":[{"href":"https:\/\/www.akademiasandecja.pl\/index.php?rest_route=\/wp\/v2\/pages"}],"about":[{"href":"https:\/\/www.akademiasandecja.pl\/index.php?rest_route=\/wp\/v2\/types\/page"}],"author":[{"embeddable":true,"href":"https:\/\/www.akademiasandecja.pl\/index.php?rest_route=\/wp\/v2\/users\/1"}],"replies":[{"embeddable":true,"href":"https:\/\/www.akademiasandecja.pl\/index.php?rest_route=%2Fwp%2Fv2%2Fcomments&post=126"}],"version-history":[{"count":14,"href":"https:\/\/www.akademiasandecja.pl\/index.php?rest_route=\/wp\/v2\/pages\/126\/revisions"}],"predecessor-version":[{"id":217,"href":"https:\/\/www.akademiasandecja.pl\/index.php?rest_route=\/wp\/v2\/pages\/126\/revisions\/217"}],"wp:attachment":[{"href":"https:\/\/www.akademiasandecja.pl\/index.php?rest_route=%2Fwp%2Fv2%2Fmedia&parent=126"}],"curies":[{"name":"wp","href":"https:\/\/api.w.org\/{rel}","templated":true}]}}